{"id":1205,"date":"2019-07-23T12:58:28","date_gmt":"2019-07-23T10:58:28","guid":{"rendered":"http:\/\/magic-seven.de\/?page_id=1205"},"modified":"2019-10-02T17:00:54","modified_gmt":"2019-10-02T15:00:54","slug":"startups","status":"publish","type":"page","link":"https:\/\/magic-seven.de\/?page_id=1205","title":{"rendered":"StartUps"},"content":{"rendered":"<p>StartUps sind kleine, schnelle <strong>Vorstellungen<\/strong> eines Systems und den grundlegendsten <strong>Regeln<\/strong>. Teilweise auch die <strong>Charaktererschaffung<\/strong>, sofern sie nicht zu komplex ist auf die Schnelle.<\/p>\n<p>Sie ersetzen weder das Regelwerk, noch sind sie voll umf\u00e4nglich aufgef\u00fchrt. Sie geben nur einen Einblick in das zu bespielende System.<\/p>\n<p>Grunds\u00e4tzlich unterscheidet man zwischen folgenden Formaten:<\/p>\n<ul>\n<li><strong>StartUp online<\/strong><br \/>\nDiese Variante dient als Einstiegspunkt f\u00fcr Onlinerunden. Viele Dokumente, wie z.B. Charakterbogen, werden nur verlinkt erw\u00e4hnt. Spielhilfen k\u00f6nnen abgerufen werden. Der Fokus liegt auf das schnelle Finden von Onlineinhalten!<\/li>\n<li><strong>StartUp Player<\/strong><br \/>\nDiese Version ist ein Spielpaket f\u00fcr Tischrollenspielrunden. Die Ausf\u00fchrung ist so aufgebaut, dass man eine oder mehrere Spielhilfen erh\u00e4lt, die man gut ausdrucken kann. Der Fokus liegt auf den Druck und die Mitnahme zu Tischrollenspielrunden!<\/li>\n<li><strong>StartUp Master<\/strong><br \/>\nDiese besondere Art beinhaltet viel mehr Material als die anderen Versionen, da sie den Spielleiter bei dem Leiten des Systems unterst\u00fctzen soll. Alle Inhalte sind sehr kompakt. Der Fokus liegt auf Spielhilfen f\u00fcr Spielleiter!<\/li>\n<\/ul>\n<p>&nbsp;<\/p>\n","protected":false},"excerpt":{"rendered":"<p>StartUps sind kleine, schnelle Vorstellungen eines Systems und den grundlegendsten Regeln. Teilweise auch die Charaktererschaffung, sofern sie nicht zu komplex ist auf die Schnelle. Sie ersetzen weder das Regelwerk, noch sind sie voll umf\u00e4nglich aufgef\u00fchrt. Sie geben nur einen Einblick in das zu bespielende System. Grunds\u00e4tzlich unterscheidet man zwischen folgenden Formaten: StartUp online Diese Variante<\/p>\n<p class=\"more-link\"><a href=\"https:\/\/magic-seven.de\/?page_id=1205\" class=\"themebutton\">Read More<\/a><\/p>\n","protected":false},"author":1,"featured_media":0,"parent":0,"menu_order":0,"comment_status":"closed","ping_status":"closed","template":"","meta":[],"_links":{"self":[{"href":"https:\/\/magic-seven.de\/index.php?rest_route=\/wp\/v2\/pages\/1205"}],"collection":[{"href":"https:\/\/magic-seven.de\/index.php?rest_route=\/wp\/v2\/pages"}],"about":[{"href":"https:\/\/magic-seven.de\/index.php?rest_route=\/wp\/v2\/types\/page"}],"author":[{"embeddable":true,"href":"https:\/\/magic-seven.de\/index.php?rest_route=\/wp\/v2\/users\/1"}],"replies":[{"embeddable":true,"href":"https:\/\/magic-seven.de\/index.php?rest_route=%2Fwp%2Fv2%2Fcomments&post=1205"}],"version-history":[{"count":2,"href":"https:\/\/magic-seven.de\/index.php?rest_route=\/wp\/v2\/pages\/1205\/revisions"}],"predecessor-version":[{"id":1238,"href":"https:\/\/magic-seven.de\/index.php?rest_route=\/wp\/v2\/pages\/1205\/revisions\/1238"}],"wp:attachment":[{"href":"https:\/\/magic-seven.de\/index.php?rest_route=%2Fwp%2Fv2%2Fmedia&parent=1205"}],"curies":[{"name":"wp","href":"https:\/\/api.w.org\/{rel}","templated":true}]}}