{"id":1576,"date":"2024-12-20T21:27:24","date_gmt":"2024-12-20T19:27:24","guid":{"rendered":"https:\/\/magic-seven.de\/?page_id=1576"},"modified":"2024-12-20T21:40:05","modified_gmt":"2024-12-20T19:40:05","slug":"workshop-wie-erschaffe-ich-ein-kurzabenteuer","status":"publish","type":"page","link":"https:\/\/magic-seven.de\/?page_id=1576","title":{"rendered":"Workshop: Wie erschaffe ich ein Kurzabenteuer?"},"content":{"rendered":"\n<p class=\"has-text-align-center has-luminous-vivid-amber-color has-light-green-cyan-background-color has-text-color has-background\">Dieser Workshop ist in Planung.<\/p>\n\n\n\n<p class=\"has-text-align-center\">Leider wird es noch etwas Zeit brauchen, ihn fertig zu stellen.<\/p>\n\n\n\n<h2 class=\"wp-block-heading\">Die Grundidee<\/h2>\n\n\n\n<p><\/p>\n\n\n\n<h2 class=\"wp-block-heading\">Das Ger\u00fcst<\/h2>\n\n\n\n<p>Dabei orientiere ich mich gerne an ver\u00f6ffentlichten, originalen Abenteuern. So f\u00e4llt es der Leserin leichter in das Abenteuer zu kommen und immer die selbe Struktur vorzufinden.<\/p>\n\n\n\n<p><\/p>\n\n\n\n<h2 class=\"wp-block-heading\">Das Dilemma oder das Grundproblem<\/h2>\n\n\n\n<h2 class=\"wp-block-heading\">Die Fraktionen und deren Ziele<\/h2>\n\n\n\n<h2 class=\"wp-block-heading\">Nur das Notwendigste!<\/h2>\n","protected":false},"excerpt":{"rendered":"<p>Dieser Workshop ist in Planung. Leider wird es noch etwas Zeit brauchen, ihn fertig zu stellen. Die Grundidee Das Ger\u00fcst Dabei orientiere ich mich gerne an ver\u00f6ffentlichten, originalen Abenteuern. So f\u00e4llt es der Leserin leichter in das Abenteuer zu kommen und immer die selbe Struktur vorzufinden. Das Dilemma oder das Grundproblem Die Fraktionen und deren<\/p>\n<p class=\"more-link\"><a href=\"https:\/\/magic-seven.de\/?page_id=1576\" class=\"themebutton\">Read More<\/a><\/p>\n","protected":false},"author":1,"featured_media":0,"parent":0,"menu_order":0,"comment_status":"closed","ping_status":"closed","template":"","meta":[],"_links":{"self":[{"href":"https:\/\/magic-seven.de\/index.php?rest_route=\/wp\/v2\/pages\/1576"}],"collection":[{"href":"https:\/\/magic-seven.de\/index.php?rest_route=\/wp\/v2\/pages"}],"about":[{"href":"https:\/\/magic-seven.de\/index.php?rest_route=\/wp\/v2\/types\/page"}],"author":[{"embeddable":true,"href":"https:\/\/magic-seven.de\/index.php?rest_route=\/wp\/v2\/users\/1"}],"replies":[{"embeddable":true,"href":"https:\/\/magic-seven.de\/index.php?rest_route=%2Fwp%2Fv2%2Fcomments&post=1576"}],"version-history":[{"count":2,"href":"https:\/\/magic-seven.de\/index.php?rest_route=\/wp\/v2\/pages\/1576\/revisions"}],"predecessor-version":[{"id":1585,"href":"https:\/\/magic-seven.de\/index.php?rest_route=\/wp\/v2\/pages\/1576\/revisions\/1585"}],"wp:attachment":[{"href":"https:\/\/magic-seven.de\/index.php?rest_route=%2Fwp%2Fv2%2Fmedia&parent=1576"}],"curies":[{"name":"wp","href":"https:\/\/api.w.org\/{rel}","templated":true}]}}