{"id":995,"date":"2018-02-28T16:29:40","date_gmt":"2018-02-28T14:29:40","guid":{"rendered":"http:\/\/magic-seven.de\/?page_id=995"},"modified":"2024-12-08T22:09:26","modified_gmt":"2024-12-08T20:09:26","slug":"online-rollenspielrunde","status":"publish","type":"page","link":"https:\/\/magic-seven.de\/?page_id=995","title":{"rendered":"Online-Rollenspielrunde"},"content":{"rendered":"<p>Hallo Digitale Welten-Surfer,<br \/>\nhier stelle ich kurz unsere <strong>Online-Rollenspiel-Runden<\/strong> vor.<\/p>\n<p>Da viele von uns <strong>berufst\u00e4tig<\/strong> sind und nicht alle im sch\u00f6nen <strong>Mainz am Rhein<\/strong> wohnen, haben wir uns entschieden &#8211; nebst den klassischen Tischrollenspielrunden &#8211; das Spielgeschehen in die <strong>virtuelle Realit\u00e4t<\/strong> zu verlegen.<\/p>\n<h2>Programme und Hardware<\/h2>\n<p>Wir nutzen derzeit <strong>zwei Anwendungen<\/strong>, um unsere Online-Runden zu spielen:<\/p>\n<h3>Discord<\/h3>\n<p>Wir verwenden Discord als Kommunikationsmittel. Es ist ein <strong>VoiceOverIP<\/strong>-Programm &#8211; \u00e4hnlich wie <em>TeamSpeak<\/em> &#8211; und bietet uns die M\u00f6glichkeit \u00fcber eine <strong>Headset<\/strong> (welches zum Spiel ben\u00f6tigt wird) in einem &#8222;Konferenzraum&#8220; zu unterhalten. Der Dienst und die Software ist <strong>kostenlos<\/strong> und l\u00e4sst sich sogar im Browser nutzen, sodass eine Installation auf dem PC nicht zwingend erforderlich ist. Die Erfahrung hat gezeigt, dass die Browser-Version nicht so stabil l\u00e4uft wie das (installierte) Programm, drum empfehlen wir die Installation des Programms.<\/p>\n<h3>Roll20.net<\/h3>\n<p>F\u00fcr die Darstellung des <strong>Spieltischs<\/strong> haben wir uns auf <b>roll20.net<\/b> geeinigt. Auch dieser Dienst ist <strong>kostenlos<\/strong> und die Anwendung l\u00e4uft <strong>vollst\u00e4ndig<\/strong> im Browser.<\/p>\n<h3>Headset<\/h3>\n<p>Dar\u00fcber hinaus ben\u00f6tigst du <strong>zwingend<\/strong> ein <b>Headset*<\/b>. Dieses muss kein hochqualitatives Ger\u00e4t sein; im Regelfall reicht ein einfaches Headset f\u00fcr 8-16 Euro v\u00f6llig aus. Vor dem eigentlichen Spiel solltest du einen <strong>Audiotest<\/strong> (mit der Organisation) durchf\u00fchren, um sicherzustellen, dass die \u00dcbertragung funktioniert, deine <strong>Sendequalit\u00e4t ausreichend<\/strong> ist und &#8211; vorallem &#8211; keine St\u00f6rger\u00e4usche w\u00e4hrend der Teilnahme und Kommunikation entstehen. Es w\u00e4re schade, wenn wir dich (zeitweise) aufgrund von &#8222;Brummen, Knistern, Fiepsen oder zu leiser Stimme&#8220; aus dem Spiel nehmen m\u00fcssten.<\/p>\n<p><em>* oder Tischmikrofon<\/em><\/p>\n<h3>Vorteile<\/h3>\n<ul>\n<li>Keine Anreisezeit und -kosten<\/li>\n<li>Spieler aus ganz Deutschland<\/li>\n<li>Angenehme Atmosph\u00e4re daheim<\/li>\n<\/ul>\n<h3>Nachteile<\/h3>\n<ul>\n<li>Ben\u00f6tigt einen PC* und ein <strong>Headset<\/strong><\/li>\n<li>Langsameres Vorankommen <i>(gegen\u00fcber Tischrollenspiel)<\/i><\/li>\n<li>&#8222;Distanzierte&#8220; Interaktionen &amp; Kommunikation <i>(keinen direkten Kontakt miteinander)<\/i><\/li>\n<li>Erforderlich erh\u00f6hte Konzentration <i>(meist wenig &#8222;Bildver\u00e4nderung&#8220; und viele Dialoge)<\/i><\/li>\n<\/ul>\n<p><em>* roll20.net bietet wohl auch die M\u00f6glichkeit, wenn man ein Abo abschlie\u00dft, dass man es \u00fcber ein Tablet nutzen kann. Discord ist sogar als kostenlose App erh\u00e4ltlich!<\/em><\/p>\n<h2>Spielzeiten<\/h2>\n<p>Wir spielen planm\u00e4\u00dfig jeden <strong>Donnerstag ab 19:30 Uhr bis ca. 22:30 Uhr<\/strong> (+\/- 45 Min).<\/p>\n<h2>Spielsysteme und Settings<\/h2>\n<p>Derzeit spielen wir folgende Systeme und Abenteuer:<\/p>\n<ul>\n<li>Das schwarze Auge, 1. Editon mit der Orklandtriologie <span style=\"color: #99cc00;\">-Abgeschlossen-<\/span><\/li>\n<li>Shadowrun: Anarchy<\/li>\n<li>Das schwarze Auge, 3. Edition mit der Phileassons Saga <span style=\"color: #99cc00;\">-L\u00e4uft aktuell-<\/span><\/li>\n<\/ul>\n<h2>Interesse?<\/h2>\n<p>Da wir uns momentan in einer <strong>Kampagne<\/strong> befinden, nehmen wir keine neuen Spieler*innen auf. Wenn die Kampagne &#8211; voraussichtlich Ende 2025 &#8211; sich dem Ende neigt, rekrutieren wir wieder neue Spieler*innen.<\/p>\n","protected":false},"excerpt":{"rendered":"<p>Hallo Digitale Welten-Surfer, hier stelle ich kurz unsere Online-Rollenspiel-Runden vor. Da viele von uns berufst\u00e4tig sind und nicht alle im sch\u00f6nen Mainz am Rhein wohnen, haben wir uns entschieden &#8211; nebst den klassischen Tischrollenspielrunden &#8211; das Spielgeschehen in die virtuelle Realit\u00e4t zu verlegen. Programme und Hardware Wir nutzen derzeit zwei Anwendungen, um unsere Online-Runden zu<\/p>\n<p class=\"more-link\"><a href=\"https:\/\/magic-seven.de\/?page_id=995\" class=\"themebutton\">Read More<\/a><\/p>\n","protected":false},"author":1,"featured_media":0,"parent":0,"menu_order":0,"comment_status":"closed","ping_status":"closed","template":"","meta":[],"_links":{"self":[{"href":"https:\/\/magic-seven.de\/index.php?rest_route=\/wp\/v2\/pages\/995"}],"collection":[{"href":"https:\/\/magic-seven.de\/index.php?rest_route=\/wp\/v2\/pages"}],"about":[{"href":"https:\/\/magic-seven.de\/index.php?rest_route=\/wp\/v2\/types\/page"}],"author":[{"embeddable":true,"href":"https:\/\/magic-seven.de\/index.php?rest_route=\/wp\/v2\/users\/1"}],"replies":[{"embeddable":true,"href":"https:\/\/magic-seven.de\/index.php?rest_route=%2Fwp%2Fv2%2Fcomments&post=995"}],"version-history":[{"count":10,"href":"https:\/\/magic-seven.de\/index.php?rest_route=\/wp\/v2\/pages\/995\/revisions"}],"predecessor-version":[{"id":1463,"href":"https:\/\/magic-seven.de\/index.php?rest_route=\/wp\/v2\/pages\/995\/revisions\/1463"}],"wp:attachment":[{"href":"https:\/\/magic-seven.de\/index.php?rest_route=%2Fwp%2Fv2%2Fmedia&parent=995"}],"curies":[{"name":"wp","href":"https:\/\/api.w.org\/{rel}","templated":true}]}}